{"id":257,"date":"2020-04-24T20:58:55","date_gmt":"2020-04-24T18:58:55","guid":{"rendered":"http:\/\/viajesthessalia.com\/?page_id=257"},"modified":"2020-05-05T19:31:44","modified_gmt":"2020-05-05T17:31:44","slug":"__trashed","status":"publish","type":"page","link":"http:\/\/viajesthessalia.com\/index.php\/__trashed\/","title":{"rendered":"CONTACTO"},"content":{"rendered":"\n<h2>Tienes a tu disposici\u00f3n diferentes v\u00edas de contacto con nuestra agencia. \u00a1Cont\u00e1ctanos!<\/h2>\n\n\n\n<p><\/p>\n\n\n\n<div class=\"wp-block-image\"><figure class=\"aligncenter\"><img loading=\"lazy\" width=\"613\" height=\"335\" src=\"http:\/\/viajesthessalia.com\/wp-content\/uploads\/2020\/04\/operadora.jpg\" alt=\"\" class=\"wp-image-362\" srcset=\"http:\/\/viajesthessalia.com\/wp-content\/uploads\/2020\/04\/operadora.jpg 613w, http:\/\/viajesthessalia.com\/wp-content\/uploads\/2020\/04\/operadora-300x164.jpg 300w, http:\/\/viajesthessalia.com\/wp-content\/uploads\/2020\/04\/operadora-110x60.jpg 110w\" sizes=\"(max-width: 613px) 100vw, 613px\" \/><\/figure><\/div>\n\n\n\n<p><\/p>\n\n\n\n<div class=\"wp-block-button alignleft\"><a class=\"wp-block-button__link has-text-color has-very-light-gray-color has-background\" href=\"https:\/\/api.whatsapp.com\/send?phone=34622114460&amp;text=\" style=\"background-color:#00ac70\"><strong>WHATSAPP<\/strong><\/a><\/div>\n\n\n\n<p style=\"color:#000000;text-align:left\" class=\"has-text-color has-medium-font-size\"><strong>TE ATENDEMOS V\u00cdA WHATSAPP EN EL <em><a href=\"https:\/\/api.whatsapp.com\/send?phone=34622114460&amp;text=\">622 114 460<\/a><\/em>. PINCHA EN EL BOT\u00d3N PARA ABRIR CHAT.<\/strong><\/p>\n\n\n\n<hr class=\"wp-block-separator\"\/>\n\n\n\n<div class=\"wp-block-button alignleft\"><a class=\"wp-block-button__link has-background has-vivid-red-background-color\" href=\"tel:+34622114460\"><strong>TEL\u00c9FONO<\/strong><\/a><\/div>\n\n\n\n<p style=\"color:#000000\" class=\"has-text-color has-medium-font-size\"><strong>LL\u00c1MANOS POR TEL\u00c9FONO. TE ATENDEMOS EN EL <\/strong><a href=\"tel:+34968895662\"><strong><em>968 895 662<\/em><\/strong><\/a><strong>&nbsp;Y&nbsp;EN&nbsp;EL <\/strong><a href=\"tel:+34622114460\"><strong><em>622 114 460.&nbsp;<\/em><\/strong><\/a><\/p>\n\n\n\n<hr class=\"wp-block-separator\"\/>\n\n\n\n<div class=\"wp-block-button alignleft is-style-default\"><a class=\"wp-block-button__link has-background has-vivid-cyan-blue-background-color\" href=\"mailto:agencia@viajesthessalia.com\">E-MAIL<\/a><\/div>\n\n\n\n<p style=\"color:#000000\" class=\"has-text-color has-medium-font-size\"><strong>TAMBI\u00c9N PUEDES CONTACTAR CON NOSOTROS A TRAV\u00c9S DE EMAIL. ESCR\u00cdBENOS A <\/strong><a href=\"mailto:agencia@viajesthessalia.com\"><strong>agencia@viajesthessalia.com<\/strong><\/a><\/p>\n\n\n\n<hr class=\"wp-block-separator\"\/>\n\n\n\n<p style=\"color:#000000\" class=\"has-text-color has-medium-font-size\"><strong>O SI LO PREFER\u00cdS, POD\u00c9IS DEJARNOS VUESTRA CONSULTA A TRAV\u00c9S DEL SIGUIENTE FORMULARIO&#8230;<\/strong><\/p>\n\n\n<div role=\"form\" class=\"wpcf7\" id=\"wpcf7-f259-o1\" lang=\"es-ES\" dir=\"ltr\">\n<div class=\"screen-reader-response\"><\/div>\n<form action=\"\/index.php\/wp-json\/wp\/v2\/pages\/257#wpcf7-f259-o1\" method=\"post\" class=\"wpcf7-form\" novalidate=\"novalidate\">\n<div style=\"display: none;\">\n<input type=\"hidden\" name=\"_wpcf7\" value=\"259\" \/>\n<input type=\"hidden\" name=\"_wpcf7_version\" value=\"5.1.7\" \/>\n<input type=\"hidden\" name=\"_wpcf7_locale\" value=\"es_ES\" \/>\n<input type=\"hidden\" name=\"_wpcf7_unit_tag\" value=\"wpcf7-f259-o1\" \/>\n<input type=\"hidden\" name=\"_wpcf7_container_post\" value=\"0\" \/>\n<\/div>\n<p><label> Tu nombre (obligatorio)<br \/>\n    <span class=\"wpcf7-form-control-wrap your-name\"><input type=\"text\" name=\"your-name\" value=\"\" size=\"40\" class=\"wpcf7-form-control wpcf7-text wpcf7-validates-as-required\" aria-required=\"true\" aria-invalid=\"false\" \/><\/span> <\/label><\/p>\n<p><label> Tu correo electr\u00f3nico (obligatorio)<br \/>\n    <span class=\"wpcf7-form-control-wrap your-email\"><input type=\"email\" name=\"your-email\" value=\"\" size=\"40\" class=\"wpcf7-form-control wpcf7-text wpcf7-email wpcf7-validates-as-required wpcf7-validates-as-email\" aria-required=\"true\" aria-invalid=\"false\" \/><\/span> <\/label><\/p>\n<p><label> Asunto<br \/>\n    <span class=\"wpcf7-form-control-wrap your-subject\"><input type=\"text\" name=\"your-subject\" value=\"\" size=\"40\" class=\"wpcf7-form-control wpcf7-text\" aria-invalid=\"false\" \/><\/span> <\/label><\/p>\n<p><label> Tu mensaje<br \/>\n    <span class=\"wpcf7-form-control-wrap your-message\"><textarea name=\"your-message\" cols=\"40\" rows=\"10\" class=\"wpcf7-form-control wpcf7-textarea\" aria-invalid=\"false\"><\/textarea><\/span> <\/label><\/p>\n<p><input type=\"submit\" value=\"Enviar\" class=\"wpcf7-form-control wpcf7-submit\" \/><\/p>\n<div class=\"wpcf7-response-output wpcf7-display-none\"><\/div><\/form><\/div>\n","protected":false},"excerpt":{"rendered":"<p>Tienes a tu disposici\u00f3n diferentes v\u00edas de contacto con nuestra agencia. \u00a1Cont\u00e1ctanos! TE ATENDEMOS V\u00cdA WHATSAPP EN EL 622 114 460. PINCHA EN EL BOT\u00d3N PARA ABRIR CHAT. LL\u00c1MANOS POR TEL\u00c9FONO. TE ATENDEMOS EN EL 968 895 662&nbsp;Y&nbsp;EN&nbsp;EL 622 114 460.&nbsp; TAMBI\u00c9N PUEDES CONTACTAR CON NOSOTROS A TRAV\u00c9S DE EMAIL. ESCR\u00cdBENOS A agencia@viajesthessalia.com O SI LO PREFER\u00cdS, POD\u00c9IS DEJARNOS VUESTRA CONSULTA A TRAV\u00c9S DEL SIGUIENTE FORMULARIO&#8230;<\/p>\n","protected":false},"author":1,"featured_media":331,"parent":0,"menu_order":0,"comment_status":"closed","ping_status":"closed","template":"","meta":[],"_links":{"self":[{"href":"http:\/\/viajesthessalia.com\/index.php\/wp-json\/wp\/v2\/pages\/257"}],"collection":[{"href":"http:\/\/viajesthessalia.com\/index.php\/wp-json\/wp\/v2\/pages"}],"about":[{"href":"http:\/\/viajesthessalia.com\/index.php\/wp-json\/wp\/v2\/types\/page"}],"author":[{"embeddable":true,"href":"http:\/\/viajesthessalia.com\/index.php\/wp-json\/wp\/v2\/users\/1"}],"replies":[{"embeddable":true,"href":"http:\/\/viajesthessalia.com\/index.php\/wp-json\/wp\/v2\/comments?post=257"}],"version-history":[{"count":48,"href":"http:\/\/viajesthessalia.com\/index.php\/wp-json\/wp\/v2\/pages\/257\/revisions"}],"predecessor-version":[{"id":378,"href":"http:\/\/viajesthessalia.com\/index.php\/wp-json\/wp\/v2\/pages\/257\/revisions\/378"}],"wp:featuredmedia":[{"embeddable":true,"href":"http:\/\/viajesthessalia.com\/index.php\/wp-json\/wp\/v2\/media\/331"}],"wp:attachment":[{"href":"http:\/\/viajesthessalia.com\/index.php\/wp-json\/wp\/v2\/media?parent=257"}],"curies":[{"name":"wp","href":"https:\/\/api.w.org\/{rel}","templated":true}]}}