{"id":48,"date":"2020-04-20T19:41:56","date_gmt":"2020-04-20T17:41:56","guid":{"rendered":"http:\/\/viajesthessalia.com\/?page_id=48"},"modified":"2020-05-05T19:28:31","modified_gmt":"2020-05-05T17:28:31","slug":"quienes-somos","status":"publish","type":"page","link":"https:\/\/viajesthessalia.com\/index.php\/quienes-somos\/","title":{"rendered":"\u00bfQUIENES SOMOS?"},"content":{"rendered":"\n<h2>Queremos ser vuestros compa\u00f1eros de viaje. Nos apasiona viajar y queremos compartir las mejores experiencias contigo. \u00bfD\u00f3nde nos vamos?&#8230;<\/h2>\n\n\n\n<ul class=\"wp-container-2 wp-block-gallery-1 wp-block-gallery columns-3 is-cropped\"><li class=\"blocks-gallery-item\"><figure><a href=\"http:\/\/viajesthessalia.com\/wp-content\/uploads\/2020\/04\/IMG-20190307-WA0003-1-1024x768.jpg\"><img loading=\"lazy\" width=\"1024\" height=\"768\" src=\"http:\/\/viajesthessalia.com\/wp-content\/uploads\/2020\/04\/IMG-20190307-WA0003-1-1024x768.jpg\" alt=\"\" data-id=\"135\" data-link=\"http:\/\/viajesthessalia.com\/index.php\/quienes-somos\/img-20190307-wa0003-2\/\" class=\"wp-image-135\" srcset=\"https:\/\/viajesthessalia.com\/wp-content\/uploads\/2020\/04\/IMG-20190307-WA0003-1-1024x768.jpg 1024w, https:\/\/viajesthessalia.com\/wp-content\/uploads\/2020\/04\/IMG-20190307-WA0003-1-300x225.jpg 300w, https:\/\/viajesthessalia.com\/wp-content\/uploads\/2020\/04\/IMG-20190307-WA0003-1-768x576.jpg 768w, https:\/\/viajesthessalia.com\/wp-content\/uploads\/2020\/04\/IMG-20190307-WA0003-1-80x60.jpg 80w, https:\/\/viajesthessalia.com\/wp-content\/uploads\/2020\/04\/IMG-20190307-WA0003-1.jpg 1599w\" sizes=\"(max-width: 1024px) 100vw, 1024px\" \/><\/a><\/figure><\/li><li class=\"blocks-gallery-item\"><figure><a href=\"http:\/\/viajesthessalia.com\/wp-content\/uploads\/2020\/04\/IMG-20190307-WA0002-1024x768.jpg\"><img loading=\"lazy\" width=\"1024\" height=\"768\" src=\"http:\/\/viajesthessalia.com\/wp-content\/uploads\/2020\/04\/IMG-20190307-WA0002-1024x768.jpg\" alt=\"\" data-id=\"134\" data-link=\"http:\/\/viajesthessalia.com\/index.php\/quienes-somos\/img-20190307-wa0002\/\" class=\"wp-image-134\" srcset=\"https:\/\/viajesthessalia.com\/wp-content\/uploads\/2020\/04\/IMG-20190307-WA0002-1024x768.jpg 1024w, https:\/\/viajesthessalia.com\/wp-content\/uploads\/2020\/04\/IMG-20190307-WA0002-300x225.jpg 300w, https:\/\/viajesthessalia.com\/wp-content\/uploads\/2020\/04\/IMG-20190307-WA0002-768x576.jpg 768w, https:\/\/viajesthessalia.com\/wp-content\/uploads\/2020\/04\/IMG-20190307-WA0002-80x60.jpg 80w, https:\/\/viajesthessalia.com\/wp-content\/uploads\/2020\/04\/IMG-20190307-WA0002.jpg 1599w\" sizes=\"(max-width: 1024px) 100vw, 1024px\" \/><\/a><\/figure><\/li><li class=\"blocks-gallery-item\"><figure><a href=\"http:\/\/viajesthessalia.com\/wp-content\/uploads\/2020\/04\/IMG-20190307-WA0004-1-1024x768.jpg\"><img loading=\"lazy\" width=\"1024\" height=\"768\" src=\"http:\/\/viajesthessalia.com\/wp-content\/uploads\/2020\/04\/IMG-20190307-WA0004-1-1024x768.jpg\" alt=\"\" data-id=\"136\" data-link=\"http:\/\/viajesthessalia.com\/index.php\/quienes-somos\/img-20190307-wa0004-1\/\" class=\"wp-image-136\" srcset=\"https:\/\/viajesthessalia.com\/wp-content\/uploads\/2020\/04\/IMG-20190307-WA0004-1-1024x768.jpg 1024w, https:\/\/viajesthessalia.com\/wp-content\/uploads\/2020\/04\/IMG-20190307-WA0004-1-300x225.jpg 300w, https:\/\/viajesthessalia.com\/wp-content\/uploads\/2020\/04\/IMG-20190307-WA0004-1-768x576.jpg 768w, https:\/\/viajesthessalia.com\/wp-content\/uploads\/2020\/04\/IMG-20190307-WA0004-1-80x60.jpg 80w, https:\/\/viajesthessalia.com\/wp-content\/uploads\/2020\/04\/IMG-20190307-WA0004-1.jpg 1599w\" sizes=\"(max-width: 1024px) 100vw, 1024px\" \/><\/a><\/figure><\/li><\/ul>\n\n\n\n<p style=\"color:#000000\" class=\"has-text-color has-medium-font-size\"><strong>Nuestro viaje comienza en Abril del a\u00f1o 2012. Un viaje que inici\u00e1bamos con las maletas cargadas de ilusi\u00f3n y ganas. <\/strong><\/p>\n\n\n\n<p class=\"has-medium-font-size\"><strong>Dicen que los comienzos suelen ser complicados, sin embargo, nuestro camino fue muy tranquilo y placentero. \u00bfPor qu\u00e9?. No tenemos dudas: gracias a nuestros clientes y amigos. Ellos nos permitieron aprender de sus necesidades y deseos y muy pronto pudimos conectar de la mejor manera posible con todos ellos.<\/strong><\/p>\n\n\n\n<p class=\"has-medium-font-size\"><strong>Desde entonces, hemos recorrido infinidad de pa\u00edses, incontables ciudades, innumerables paisajes y un sinf\u00edn de rincones alrededor del mundo. <\/strong><\/p>\n\n\n\n<p class=\"has-medium-font-size\"><strong>Y lo hemos hecho juntos, disfrutando y planificando cada detalle, cada paso. Siendo parte de su viaje.<\/strong><\/p>\n\n\n\n<p style=\"color:#000000\" class=\"has-text-color has-medium-font-size\"><strong>A d\u00eda de hoy, y con m\u00e1s de 15 a\u00f1os de experiencia en el sector de las agencias de viaje, mantenemos la ilusi\u00f3n intacta y estamos deseando vivir nuevas aventuras junto a nuestros cientes y amigos. <\/strong><\/p>\n\n\n\n<p style=\"color:#000000\" class=\"has-text-color has-medium-font-size\"><strong>Planificamos y organizamos todo tipo de viajes a medida: luna de miel, viajes en familia, singles&#8230;. Y trabajamos con todo tipo de destinos: nacionales, media y larga distancia, circuitos,&#8230;<\/strong><\/p>\n\n\n\n<p class=\"has-medium-font-size\"><strong>Nos une la misma pasi\u00f3n: viajar. As\u00ed que, t\u00fa decides&#8230;.<\/strong><\/p>\n\n\n\n<p style=\"color:#000000\" class=\"has-text-color has-large-font-size\"><strong>\u00bfD\u00f3nde nos vamos?&#8230;<\/strong><\/p>\n\n\n\n<figure class=\"wp-block-image\"><img loading=\"lazy\" width=\"1024\" height=\"577\" src=\"http:\/\/viajesthessalia.com\/wp-content\/uploads\/2020\/04\/lookingmap-1024x577.jpg\" alt=\"\" class=\"wp-image-144\" srcset=\"https:\/\/viajesthessalia.com\/wp-content\/uploads\/2020\/04\/lookingmap-1024x577.jpg 1024w, https:\/\/viajesthessalia.com\/wp-content\/uploads\/2020\/04\/lookingmap-300x169.jpg 300w, https:\/\/viajesthessalia.com\/wp-content\/uploads\/2020\/04\/lookingmap-768x433.jpg 768w, https:\/\/viajesthessalia.com\/wp-content\/uploads\/2020\/04\/lookingmap-106x60.jpg 106w, https:\/\/viajesthessalia.com\/wp-content\/uploads\/2020\/04\/lookingmap.jpg 1330w\" sizes=\"(max-width: 1024px) 100vw, 1024px\" \/><\/figure>\n","protected":false},"excerpt":{"rendered":"<p>Queremos ser vuestros compa\u00f1eros de viaje. Nos apasiona viajar y queremos compartir las mejores experiencias contigo. \u00bfD\u00f3nde nos vamos?&#8230; Nuestro viaje comienza en Abril del a\u00f1o 2012. Un viaje que inici\u00e1bamos con las maletas cargadas de ilusi\u00f3n y ganas. Dicen que los comienzos suelen ser complicados, sin embargo, nuestro camino fue muy tranquilo y placentero. \u00bfPor qu\u00e9?. No tenemos dudas: gracias a nuestros clientes y amigos. Ellos nos permitieron aprender de sus necesidades y deseos y muy pronto pudimos conectar de la mejor manera posible con todos ellos. Desde entonces, hemos recorrido infinidad de pa\u00edses, incontables ciudades, innumerables paisajes y<\/p>\n","protected":false},"author":1,"featured_media":127,"parent":0,"menu_order":0,"comment_status":"closed","ping_status":"closed","template":"","meta":[],"_links":{"self":[{"href":"https:\/\/viajesthessalia.com\/index.php\/wp-json\/wp\/v2\/pages\/48"}],"collection":[{"href":"https:\/\/viajesthessalia.com\/index.php\/wp-json\/wp\/v2\/pages"}],"about":[{"href":"https:\/\/viajesthessalia.com\/index.php\/wp-json\/wp\/v2\/types\/page"}],"author":[{"embeddable":true,"href":"https:\/\/viajesthessalia.com\/index.php\/wp-json\/wp\/v2\/users\/1"}],"replies":[{"embeddable":true,"href":"https:\/\/viajesthessalia.com\/index.php\/wp-json\/wp\/v2\/comments?post=48"}],"version-history":[{"count":8,"href":"https:\/\/viajesthessalia.com\/index.php\/wp-json\/wp\/v2\/pages\/48\/revisions"}],"predecessor-version":[{"id":1203,"href":"https:\/\/viajesthessalia.com\/index.php\/wp-json\/wp\/v2\/pages\/48\/revisions\/1203"}],"wp:featuredmedia":[{"embeddable":true,"href":"https:\/\/viajesthessalia.com\/index.php\/wp-json\/wp\/v2\/media\/127"}],"wp:attachment":[{"href":"https:\/\/viajesthessalia.com\/index.php\/wp-json\/wp\/v2\/media?parent=48"}],"curies":[{"name":"wp","href":"https:\/\/api.w.org\/{rel}","templated":true}]}}